{"id":410,"date":"2026-03-16T11:33:38","date_gmt":"2026-03-16T14:33:38","guid":{"rendered":"https:\/\/camelcafe.cl\/?post_type=product&#038;p=410"},"modified":"2026-03-16T11:55:33","modified_gmt":"2026-03-16T14:55:33","slug":"3-en-1-en-cafe","status":"publish","type":"product","link":"https:\/\/camelcafe.cl\/en\/product\/3-en-1-en-cafe\/","title":{"rendered":"3 en 1 en Caf\u00e9"},"content":{"rendered":"<div class=\"woocommerce-tabs wc-tabs-wrapper\">\n<div id=\"tab-description\" class=\"woocommerce-Tabs-panel woocommerce-Tabs-panel--description panel entry-content wc-tab\" role=\"tabpanel\" aria-labelledby=\"tab-title-description\">\n<blockquote><p>Mezcla de Caf\u00e9 Instant\u00e1neo.de 12 unidades<\/p>\n<ul>\n<li>\n<p data-path-to-node=\"3,4,0\"><b data-path-to-node=\"3,4,0\" data-index-in-node=\"0\">Az\u00facar &amp; Leche &amp; Caf\u00e9:<\/b> (Ingredientes principales).<\/p>\n<\/li>\n<li>\n<p data-path-to-node=\"3,5,0\">\n<\/li>\n<\/ul>\n<\/blockquote>\n<\/div>\n<\/div>","protected":false},"excerpt":{"rendered":"<p>Mezcla de Caf\u00e9 Instant\u00e1neo.de 12 unidades Az\u00facar &amp; Leche &amp; Caf\u00e9: (Ingredientes principales).<\/p>","protected":false},"featured_media":411,"comment_status":"open","ping_status":"closed","template":"","meta":{"_et_pb_use_builder":"","_et_pb_old_content":"","_et_gb_content_width":""},"product_brand":[],"product_cat":[18],"product_tag":[],"class_list":{"0":"post-410","1":"product","2":"type-product","3":"status-publish","4":"has-post-thumbnail","6":"product_cat-sin-categorizar","8":"first","9":"instock","10":"taxable","11":"shipping-taxable","12":"purchasable","13":"product-type-simple"},"jetpack_sharing_enabled":true,"_links":{"self":[{"href":"https:\/\/camelcafe.cl\/en\/wp-json\/wp\/v2\/product\/410","targetHints":{"allow":["GET"]}}],"collection":[{"href":"https:\/\/camelcafe.cl\/en\/wp-json\/wp\/v2\/product"}],"about":[{"href":"https:\/\/camelcafe.cl\/en\/wp-json\/wp\/v2\/types\/product"}],"replies":[{"embeddable":true,"href":"https:\/\/camelcafe.cl\/en\/wp-json\/wp\/v2\/comments?post=410"}],"wp:featuredmedia":[{"embeddable":true,"href":"https:\/\/camelcafe.cl\/en\/wp-json\/wp\/v2\/media\/411"}],"wp:attachment":[{"href":"https:\/\/camelcafe.cl\/en\/wp-json\/wp\/v2\/media?parent=410"}],"wp:term":[{"taxonomy":"product_brand","embeddable":true,"href":"https:\/\/camelcafe.cl\/en\/wp-json\/wp\/v2\/product_brand?post=410"},{"taxonomy":"product_cat","embeddable":true,"href":"https:\/\/camelcafe.cl\/en\/wp-json\/wp\/v2\/product_cat?post=410"},{"taxonomy":"product_tag","embeddable":true,"href":"https:\/\/camelcafe.cl\/en\/wp-json\/wp\/v2\/product_tag?post=410"}],"curies":[{"name":"wp","href":"https:\/\/api.w.org\/{rel}","templated":true}]}}